{"id":2487,"date":"2025-10-22T17:57:29","date_gmt":"2025-10-22T15:57:29","guid":{"rendered":"https:\/\/festivaldespains.dev.atmedia.fr\/ecole\/?page_id=2487"},"modified":"2025-11-04T16:07:48","modified_gmt":"2025-11-04T15:07:48","slug":"mentions-legales","status":"publish","type":"page","link":"https:\/\/festivaldespains.dev.atmedia.fr\/ecole\/mentions-legales\/","title":{"rendered":"Mentions l\u00e9gales"},"content":{"rendered":"\t\t<div data-elementor-type=\"wp-page\" data-elementor-id=\"2487\" class=\"elementor elementor-2487\" data-elementor-post-type=\"page\">\n\t\t\t\t<div class=\"aux-parallax-section elementor-element elementor-element-d66ae27 e-flex e-con-boxed e-con e-parent\" data-particle_enable=\"false\" data-particle-mobile-disabled=\"false\" data-id=\"d66ae27\" data-element_type=\"container\" data-e-type=\"container\">\n\t\t\t\t\t<div class=\"e-con-inner\">\n\t\t\t\t<div class=\"elementor-element elementor-element-4f306f1 elementor-widget elementor-widget-text-editor\" data-id=\"4f306f1\" data-element_type=\"widget\" data-e-type=\"widget\" data-widget_type=\"text-editor.default\">\n\t\t\t\t<div class=\"elementor-widget-container\">\n\t\t\t\t\t\t\t\t\t<p><b>MENTIONS L\u00c9GALES<\/b><\/p><p>Publication \u00c9diteur du site<\/p><p>\u00c9cole de boulangerie Artisanale<br \/>10 rue de la Campagnarde<br \/>41600 Lamotte-Beuvron<br \/>Tel : 02.54.96.40.45<br \/>SIREN 350968657 \u2013 APE 7120B \u2013 RC BLOIS 2005 B 811<br \/>Responsable de publication : Fr\u00e9d\u00e9ric Moumaneix<\/p><p><b>Conception, R\u00e9alisation et H\u00e9bergement du site<\/b><\/p><p>A.T. MEDIA COMMUNICATION<br \/>69 rue du Colombier<br \/>45000 Orl\u00e9ans<br \/>T\u00e9l. 02 38 78 04 78<br \/>SIREN 398 453 407 00031 \u2013 APE 7311Z \u2013 RCS ORLEANS 95 B 690<br \/>Directeur g\u00e9n\u00e9ral\u00a0: Nicolas FERLING<\/p><p><b>Donn\u00e9es personnelles<\/b><\/p><p>\u00c0 l\u2019occasion de la consultation du site Internet, l\u2019\u00c9cole de Boulangerie Artisanale est conduite \u00e0 collecter des donn\u00e9es personnelles vous concernant, en qualit\u00e9 de responsable de traitement, aux fins de gestion de relations clients ainsi que de prise de rendez-vous ou de traitement de la demande d\u2019information par le biais de formulaires et pages de contact.<\/p><p>Les donn\u00e9es collect\u00e9es font l\u2019objet de traitements, si vous y avez consenti ou si le traitement repose sur au moins l\u2019un des fondements juridiques suivants :<\/p><ul><li>N\u00e9cessaire \u00e0 l\u2019ex\u00e9cution d\u2019un contrat,<\/li><li>Rel\u00e8ve de l\u2019int\u00e9r\u00eat l\u00e9gitime de l\u2019\u00c9cole de Boulangerie Artisanale,<\/li><li>Rel\u00e8ve d\u2019une obligation l\u00e9gale \u00e0 laquelle l\u2019\u00c9cole de Boulangerie Artisanale est soumise,<\/li><li>N\u00e9cessaire \u00e0 l\u2019ex\u00e9cution d\u2019une mission d\u2019int\u00e9r\u00eat public ou rel\u00e8ve de l\u2019exercice de l\u2019autorit\u00e9 publique dont l\u2019\u00c9cole de Boulangerie Artisanale est investie,<\/li><li>N\u00e9cessaire aux fins de protection d\u2019un int\u00e9r\u00eat vital essentiel qui vous concerne.<\/li><\/ul><p>Par ailleurs, si des informations non strictement n\u00e9cessaires \u00e0 l\u2019ex\u00e9cution des finalit\u00e9s ci-dessus mentionn\u00e9es sont collect\u00e9es, elles le seront avec votre consentement pr\u00e9alable. Vous pourrez, \u00e0 tout moment, retirer votre consentement le cas \u00e9ch\u00e9ant.<\/p><p>Sauf dispositions l\u00e9gislatives ou r\u00e9glementaires contraires, les donn\u00e9es collect\u00e9es sont conserv\u00e9es uniquement pendant la dur\u00e9e n\u00e9cessaire \u00e0 la r\u00e9alisation des finalit\u00e9s d\u00e9crites ci-dessus, dans la limite des d\u00e9lais de prescription en vigueur.<\/p><p>Vous disposez d\u2019un droit d\u2019acc\u00e8s \u00e0 vos donn\u00e9es personnelles, de rectification et d\u2019effacement, de limitation de traitement, d\u2019opposition ainsi que d\u2019un droit \u00e0 la portabilit\u00e9 dans les conditions pr\u00e9vues par la r\u00e9glementation (plus d\u2019information \u00e0 propos de vos droits sur www.cnil.fr).<\/p><p>Vous avez aussi la possibilit\u00e9 de vous adresser au D\u00e9l\u00e9gu\u00e9 \u00e0 la Protection des Donn\u00e9es de l\u2019\u00c9cole de Boulangerie Artisanale \u00e0 l\u2019adresse contact@ecoledeboulangerie.fr et le droit d\u2019introduire une r\u00e9clamation aupr\u00e8s de la Commission Nationale de l\u2019Informatique et des Libert\u00e9s (CNIL), autorit\u00e9 de contr\u00f4le en charge du respect des obligations en mati\u00e8re de donn\u00e9es \u00e0 caract\u00e8re personnel.<\/p>\t\t\t\t\t\t\t\t<\/div>\n\t\t\t\t<\/div>\n\t\t\t\t\t<\/div>\n\t\t\t\t<\/div>\n\t\t\t\t<\/div>\n\t\t","protected":false},"excerpt":{"rendered":"<p>MENTIONS L\u00c9GALES Publication \u00c9diteur du site \u00c9cole de boulangerie Artisanale10 rue de la Campagnarde41600 Lamotte-BeuvronTel : 02.54.96.40.45SIREN 350968657 \u2013 APE 7120B \u2013 RC BLOIS 2005 B 811Responsable de publication : [&hellip;]<\/p>\n","protected":false},"author":15,"featured_media":0,"parent":0,"menu_order":0,"comment_status":"closed","ping_status":"closed","template":"","meta":{"_acf_changed":false,"footnotes":""},"class_list":["post-2487","page","type-page","status-publish","hentry"],"acf":[],"yoast_head":"<!-- This site is optimized with the Yoast SEO plugin v27.4 - https:\/\/yoast.com\/product\/yoast-seo-wordpress\/ -->\n<title>Mentions l\u00e9gales - \u00c9cole de boulangerie<\/title>\n<meta name=\"robots\" content=\"noindex, follow, max-snippet:-1, max-image-preview:large, max-video-preview:-1\" \/>\n<meta property=\"og:locale\" content=\"fr_FR\" \/>\n<meta property=\"og:type\" content=\"article\" \/>\n<meta property=\"og:title\" content=\"Mentions l\u00e9gales - \u00c9cole de boulangerie\" \/>\n<meta property=\"og:description\" content=\"MENTIONS L\u00c9GALES Publication \u00c9diteur du site \u00c9cole de boulangerie Artisanale10 rue de la Campagnarde41600 Lamotte-BeuvronTel : 02.54.96.40.45SIREN 350968657 \u2013 APE 7120B \u2013 RC BLOIS 2005 B 811Responsable de publication : [&hellip;]\" \/>\n<meta property=\"og:url\" content=\"https:\/\/festivaldespains.dev.atmedia.fr\/ecole\/mentions-legales\/\" \/>\n<meta property=\"og:site_name\" content=\"\u00c9cole de boulangerie\" \/>\n<meta property=\"article:modified_time\" content=\"2025-11-04T15:07:48+00:00\" \/>\n<meta name=\"twitter:card\" content=\"summary_large_image\" \/>\n<meta name=\"twitter:label1\" content=\"Dur\u00e9e de lecture estim\u00e9e\" \/>\n\t<meta name=\"twitter:data1\" content=\"2 minutes\" \/>\n<script type=\"application\/ld+json\" class=\"yoast-schema-graph\">{\"@context\":\"https:\\\/\\\/schema.org\",\"@graph\":[{\"@type\":\"WebPage\",\"@id\":\"https:\\\/\\\/festivaldespains.dev.atmedia.fr\\\/ecole\\\/mentions-legales\\\/\",\"url\":\"https:\\\/\\\/festivaldespains.dev.atmedia.fr\\\/ecole\\\/mentions-legales\\\/\",\"name\":\"Mentions l\u00e9gales - \u00c9cole de boulangerie\",\"isPartOf\":{\"@id\":\"https:\\\/\\\/festivaldespains.dev.atmedia.fr\\\/ecole\\\/#website\"},\"datePublished\":\"2025-10-22T15:57:29+00:00\",\"dateModified\":\"2025-11-04T15:07:48+00:00\",\"breadcrumb\":{\"@id\":\"https:\\\/\\\/festivaldespains.dev.atmedia.fr\\\/ecole\\\/mentions-legales\\\/#breadcrumb\"},\"inLanguage\":\"fr-FR\",\"potentialAction\":[{\"@type\":\"ReadAction\",\"target\":[\"https:\\\/\\\/festivaldespains.dev.atmedia.fr\\\/ecole\\\/mentions-legales\\\/\"]}]},{\"@type\":\"BreadcrumbList\",\"@id\":\"https:\\\/\\\/festivaldespains.dev.atmedia.fr\\\/ecole\\\/mentions-legales\\\/#breadcrumb\",\"itemListElement\":[{\"@type\":\"ListItem\",\"position\":1,\"name\":\"Accueil\",\"item\":\"https:\\\/\\\/festivaldespains.dev.atmedia.fr\\\/ecole\\\/\"},{\"@type\":\"ListItem\",\"position\":2,\"name\":\"Mentions l\u00e9gales\"}]},{\"@type\":\"WebSite\",\"@id\":\"https:\\\/\\\/festivaldespains.dev.atmedia.fr\\\/ecole\\\/#website\",\"url\":\"https:\\\/\\\/festivaldespains.dev.atmedia.fr\\\/ecole\\\/\",\"name\":\"\u00c9cole de boulangerie\",\"description\":\"\",\"publisher\":{\"@id\":\"https:\\\/\\\/festivaldespains.dev.atmedia.fr\\\/ecole\\\/#organization\"},\"potentialAction\":[{\"@type\":\"SearchAction\",\"target\":{\"@type\":\"EntryPoint\",\"urlTemplate\":\"https:\\\/\\\/festivaldespains.dev.atmedia.fr\\\/ecole\\\/?s={search_term_string}\"},\"query-input\":{\"@type\":\"PropertyValueSpecification\",\"valueRequired\":true,\"valueName\":\"search_term_string\"}}],\"inLanguage\":\"fr-FR\"},{\"@type\":\"Organization\",\"@id\":\"https:\\\/\\\/festivaldespains.dev.atmedia.fr\\\/ecole\\\/#organization\",\"name\":\"\u00c9cole de boulangerie\",\"url\":\"https:\\\/\\\/festivaldespains.dev.atmedia.fr\\\/ecole\\\/\",\"logo\":{\"@type\":\"ImageObject\",\"inLanguage\":\"fr-FR\",\"@id\":\"https:\\\/\\\/festivaldespains.dev.atmedia.fr\\\/ecole\\\/#\\\/schema\\\/logo\\\/image\\\/\",\"url\":\"https:\\\/\\\/festivaldespains.dev.atmedia.fr\\\/ecole\\\/wp-content\\\/uploads\\\/sites\\\/2\\\/2025\\\/08\\\/logo-ecole-boulangerie.svg\",\"contentUrl\":\"https:\\\/\\\/festivaldespains.dev.atmedia.fr\\\/ecole\\\/wp-content\\\/uploads\\\/sites\\\/2\\\/2025\\\/08\\\/logo-ecole-boulangerie.svg\",\"width\":167,\"height\":168,\"caption\":\"\u00c9cole de boulangerie\"},\"image\":{\"@id\":\"https:\\\/\\\/festivaldespains.dev.atmedia.fr\\\/ecole\\\/#\\\/schema\\\/logo\\\/image\\\/\"}}]}<\/script>\n<!-- \/ Yoast SEO plugin. -->","yoast_head_json":{"title":"Mentions l\u00e9gales - \u00c9cole de boulangerie","robots":{"index":"noindex","follow":"follow","max-snippet":"max-snippet:-1","max-image-preview":"max-image-preview:large","max-video-preview":"max-video-preview:-1"},"og_locale":"fr_FR","og_type":"article","og_title":"Mentions l\u00e9gales - \u00c9cole de boulangerie","og_description":"MENTIONS L\u00c9GALES Publication \u00c9diteur du site \u00c9cole de boulangerie Artisanale10 rue de la Campagnarde41600 Lamotte-BeuvronTel : 02.54.96.40.45SIREN 350968657 \u2013 APE 7120B \u2013 RC BLOIS 2005 B 811Responsable de publication : [&hellip;]","og_url":"https:\/\/festivaldespains.dev.atmedia.fr\/ecole\/mentions-legales\/","og_site_name":"\u00c9cole de boulangerie","article_modified_time":"2025-11-04T15:07:48+00:00","twitter_card":"summary_large_image","twitter_misc":{"Dur\u00e9e de lecture estim\u00e9e":"2 minutes"},"schema":{"@context":"https:\/\/schema.org","@graph":[{"@type":"WebPage","@id":"https:\/\/festivaldespains.dev.atmedia.fr\/ecole\/mentions-legales\/","url":"https:\/\/festivaldespains.dev.atmedia.fr\/ecole\/mentions-legales\/","name":"Mentions l\u00e9gales - \u00c9cole de boulangerie","isPartOf":{"@id":"https:\/\/festivaldespains.dev.atmedia.fr\/ecole\/#website"},"datePublished":"2025-10-22T15:57:29+00:00","dateModified":"2025-11-04T15:07:48+00:00","breadcrumb":{"@id":"https:\/\/festivaldespains.dev.atmedia.fr\/ecole\/mentions-legales\/#breadcrumb"},"inLanguage":"fr-FR","potentialAction":[{"@type":"ReadAction","target":["https:\/\/festivaldespains.dev.atmedia.fr\/ecole\/mentions-legales\/"]}]},{"@type":"BreadcrumbList","@id":"https:\/\/festivaldespains.dev.atmedia.fr\/ecole\/mentions-legales\/#breadcrumb","itemListElement":[{"@type":"ListItem","position":1,"name":"Accueil","item":"https:\/\/festivaldespains.dev.atmedia.fr\/ecole\/"},{"@type":"ListItem","position":2,"name":"Mentions l\u00e9gales"}]},{"@type":"WebSite","@id":"https:\/\/festivaldespains.dev.atmedia.fr\/ecole\/#website","url":"https:\/\/festivaldespains.dev.atmedia.fr\/ecole\/","name":"\u00c9cole de boulangerie","description":"","publisher":{"@id":"https:\/\/festivaldespains.dev.atmedia.fr\/ecole\/#organization"},"potentialAction":[{"@type":"SearchAction","target":{"@type":"EntryPoint","urlTemplate":"https:\/\/festivaldespains.dev.atmedia.fr\/ecole\/?s={search_term_string}"},"query-input":{"@type":"PropertyValueSpecification","valueRequired":true,"valueName":"search_term_string"}}],"inLanguage":"fr-FR"},{"@type":"Organization","@id":"https:\/\/festivaldespains.dev.atmedia.fr\/ecole\/#organization","name":"\u00c9cole de boulangerie","url":"https:\/\/festivaldespains.dev.atmedia.fr\/ecole\/","logo":{"@type":"ImageObject","inLanguage":"fr-FR","@id":"https:\/\/festivaldespains.dev.atmedia.fr\/ecole\/#\/schema\/logo\/image\/","url":"https:\/\/festivaldespains.dev.atmedia.fr\/ecole\/wp-content\/uploads\/sites\/2\/2025\/08\/logo-ecole-boulangerie.svg","contentUrl":"https:\/\/festivaldespains.dev.atmedia.fr\/ecole\/wp-content\/uploads\/sites\/2\/2025\/08\/logo-ecole-boulangerie.svg","width":167,"height":168,"caption":"\u00c9cole de boulangerie"},"image":{"@id":"https:\/\/festivaldespains.dev.atmedia.fr\/ecole\/#\/schema\/logo\/image\/"}}]}},"_links":{"self":[{"href":"https:\/\/festivaldespains.dev.atmedia.fr\/ecole\/wp-json\/wp\/v2\/pages\/2487","targetHints":{"allow":["GET"]}}],"collection":[{"href":"https:\/\/festivaldespains.dev.atmedia.fr\/ecole\/wp-json\/wp\/v2\/pages"}],"about":[{"href":"https:\/\/festivaldespains.dev.atmedia.fr\/ecole\/wp-json\/wp\/v2\/types\/page"}],"author":[{"embeddable":true,"href":"https:\/\/festivaldespains.dev.atmedia.fr\/ecole\/wp-json\/wp\/v2\/users\/15"}],"replies":[{"embeddable":true,"href":"https:\/\/festivaldespains.dev.atmedia.fr\/ecole\/wp-json\/wp\/v2\/comments?post=2487"}],"version-history":[{"count":4,"href":"https:\/\/festivaldespains.dev.atmedia.fr\/ecole\/wp-json\/wp\/v2\/pages\/2487\/revisions"}],"predecessor-version":[{"id":3042,"href":"https:\/\/festivaldespains.dev.atmedia.fr\/ecole\/wp-json\/wp\/v2\/pages\/2487\/revisions\/3042"}],"wp:attachment":[{"href":"https:\/\/festivaldespains.dev.atmedia.fr\/ecole\/wp-json\/wp\/v2\/media?parent=2487"}],"curies":[{"name":"wp","href":"https:\/\/api.w.org\/{rel}","templated":true}]}}